{"id":1104,"date":"2022-05-27T22:42:55","date_gmt":"2022-05-27T22:42:55","guid":{"rendered":"https:\/\/www.internalcohesion-psychotherapy.com\/?page_id=1104"},"modified":"2022-05-27T22:55:40","modified_gmt":"2022-05-27T22:55:40","slug":"quotes-related-to-icp","status":"publish","type":"page","link":"https:\/\/www.internalcohesion-psychotherapy.com\/sq\/quotes-related-to-icp\/","title":{"rendered":"Quotes Related to icp"},"content":{"rendered":"<div data-elementor-type=\"wp-page\" data-elementor-id=\"1104\" class=\"elementor elementor-1104\">\n\t\t\t\t\t\t\t\t\t<section class=\"elementor-section elementor-top-section elementor-element elementor-element-22a0b25 elementor-section-boxed elementor-section-height-default elementor-section-height-default\" data-id=\"22a0b25\" data-element_type=\"section\" data-settings=\"{&quot;background_background&quot;:&quot;classic&quot;}\">\n\t\t\t\t\t\t\t<div class=\"elementor-background-overlay\"><\/div>\n\t\t\t\t\t\t\t<div class=\"elementor-container elementor-column-gap-default\">\n\t\t\t\t\t<div class=\"elementor-column elementor-col-100 elementor-top-column elementor-element elementor-element-e39533c\" data-id=\"e39533c\" data-element_type=\"column\">\n\t\t\t<div class=\"elementor-widget-wrap elementor-element-populated\">\n\t\t\t\t\t\t\t\t<div class=\"elementor-element elementor-element-a3da5ec elementor-widget elementor-widget-heading\" data-id=\"a3da5ec\" data-element_type=\"widget\" data-widget_type=\"heading.default\">\n\t\t\t\t<div class=\"elementor-widget-container\">\n\t\t\t<style>\/*! elementor - v3.17.0 - 08-11-2023 *\/\n.elementor-heading-title{padding:0;margin:0;line-height:1}.elementor-widget-heading .elementor-heading-title[class*=elementor-size-]>a{color:inherit;font-size:inherit;line-height:inherit}.elementor-widget-heading .elementor-heading-title.elementor-size-small{font-size:15px}.elementor-widget-heading .elementor-heading-title.elementor-size-medium{font-size:19px}.elementor-widget-heading .elementor-heading-title.elementor-size-large{font-size:29px}.elementor-widget-heading .elementor-heading-title.elementor-size-xl{font-size:39px}.elementor-widget-heading .elementor-heading-title.elementor-size-xxl{font-size:59px}<\/style><h1 class=\"elementor-heading-title elementor-size-xxl\">Th\u00ebniet n\u00eb lidhje me ICP <\/h1>\t\t<\/div>\n\t\t\t\t<\/div>\n\t\t\t\t\t<\/div>\n\t\t<\/div>\n\t\t\t\t\t\t\t<\/div>\n\t\t<\/section>\n\t\t\t\t<section class=\"elementor-section elementor-top-section elementor-element elementor-element-1zap2u3 elementor-section-content-middle elementor-section-boxed elementor-section-height-default elementor-section-height-default\" data-id=\"1zap2u3\" data-element_type=\"section\" data-settings=\"{&quot;background_background&quot;:&quot;classic&quot;}\">\n\t\t\t\t\t\t\t<div class=\"elementor-background-overlay\"><\/div>\n\t\t\t\t\t\t\t<div class=\"elementor-container elementor-column-gap-no\">\n\t\t\t\t\t<div class=\"elementor-column elementor-col-100 elementor-top-column elementor-element elementor-element-c630f55\" data-id=\"c630f55\" data-element_type=\"column\">\n\t\t\t<div class=\"elementor-widget-wrap elementor-element-populated\">\n\t\t\t\t\t\t\t\t<div class=\"elementor-element elementor-element-857d662 elementor-view-default elementor-widget elementor-widget-icon\" data-id=\"857d662\" data-element_type=\"widget\" data-widget_type=\"icon.default\">\n\t\t\t\t<div class=\"elementor-widget-container\">\n\t\t\t\t\t<div class=\"elementor-icon-wrapper\">\n\t\t\t<div class=\"elementor-icon\">\n\t\t\t<i aria-hidden=\"true\" class=\"fas fa-quote-left\"><\/i>\t\t\t<\/div>\n\t\t<\/div>\n\t\t\t\t<\/div>\n\t\t\t\t<\/div>\n\t\t\t\t<div class=\"elementor-element elementor-element-67df0f1 elementor-widget elementor-widget-heading\" data-id=\"67df0f1\" data-element_type=\"widget\" data-widget_type=\"heading.default\">\n\t\t\t\t<div class=\"elementor-widget-container\">\n\t\t\t<h2 class=\"elementor-heading-title elementor-size-default\">Njeriu \u00ebsht\u00eb m\u00eb shum\u00eb se \"vetja\" <\/h2>\t\t<\/div>\n\t\t\t\t<\/div>\n\t\t\t\t<div class=\"elementor-element elementor-element-f4f3776 elementor-widget elementor-widget-text-editor\" data-id=\"f4f3776\" data-element_type=\"widget\" data-widget_type=\"text-editor.default\">\n\t\t\t\t<div class=\"elementor-widget-container\">\n\t\t\t<style>\/*! elementor - v3.17.0 - 08-11-2023 *\/\n.elementor-widget-text-editor.elementor-drop-cap-view-stacked .elementor-drop-cap{background-color:#69727d;color:#fff}.elementor-widget-text-editor.elementor-drop-cap-view-framed .elementor-drop-cap{color:#69727d;border:3px solid;background-color:transparent}.elementor-widget-text-editor:not(.elementor-drop-cap-view-default) .elementor-drop-cap{margin-top:8px}.elementor-widget-text-editor:not(.elementor-drop-cap-view-default) .elementor-drop-cap-letter{width:1em;height:1em}.elementor-widget-text-editor .elementor-drop-cap{float:left;text-align:center;line-height:1;font-size:50px}.elementor-widget-text-editor .elementor-drop-cap-letter{display:inline-block}<\/style>\t\t\t\t<p><em>Jo vet\u00ebm m\u00ebnyra se si e sheh, njeh dhe flet me veten, por edhe m\u00ebnyra se si krijon raporte me t\u00eb tjer\u00ebt, q\u00ebllimet q\u00eb i v\u00eb vetes n\u00eb jet\u00eb, apo edhe e (pa)shpjegueshmja spirituale jan\u00eb raportet q\u00eb e p\u00ebrcjellin njeriun n\u00eb \u00e7do hap. Vet\u00ebm at\u00ebher\u00eb, kur etablon komunikim t\u00eb mir\u00ebfillt\u00eb me secilin prej k\u00ebtyre sistemeve dhe n\u00eb secil\u00ebn koh\u00eb, mund t\u00eb arrihet qet\u00ebsia psikologjike apo kohezioni i brendsh\u00ebm<\/em><\/p>\t\t\t\t\t\t<\/div>\n\t\t\t\t<\/div>\n\t\t\t\t<div class=\"elementor-element elementor-element-7569c80 elementor-widget elementor-widget-heading\" data-id=\"7569c80\" data-element_type=\"widget\" data-widget_type=\"heading.default\">\n\t\t\t\t<div class=\"elementor-widget-container\">\n\t\t\t<h3 class=\"elementor-heading-title elementor-size-medium\">- Fitm Uka<\/h3>\t\t<\/div>\n\t\t\t\t<\/div>\n\t\t\t\t\t<\/div>\n\t\t<\/div>\n\t\t\t\t\t\t\t<\/div>\n\t\t<\/section>\n\t\t\t\t<section class=\"elementor-section elementor-top-section elementor-element elementor-element-3632d3f elementor-section-content-middle elementor-section-boxed elementor-section-height-default elementor-section-height-default\" data-id=\"3632d3f\" data-element_type=\"section\" data-settings=\"{&quot;background_background&quot;:&quot;classic&quot;}\">\n\t\t\t\t\t\t\t<div class=\"elementor-background-overlay\"><\/div>\n\t\t\t\t\t\t\t<div class=\"elementor-container elementor-column-gap-no\">\n\t\t\t\t\t<div class=\"elementor-column elementor-col-100 elementor-top-column elementor-element elementor-element-eceb072\" data-id=\"eceb072\" data-element_type=\"column\">\n\t\t\t<div class=\"elementor-widget-wrap elementor-element-populated\">\n\t\t\t\t\t\t\t\t<div class=\"elementor-element elementor-element-679a237 elementor-view-default elementor-widget elementor-widget-icon\" data-id=\"679a237\" data-element_type=\"widget\" data-widget_type=\"icon.default\">\n\t\t\t\t<div class=\"elementor-widget-container\">\n\t\t\t\t\t<div class=\"elementor-icon-wrapper\">\n\t\t\t<div class=\"elementor-icon\">\n\t\t\t<i aria-hidden=\"true\" class=\"fas fa-quote-left\"><\/i>\t\t\t<\/div>\n\t\t<\/div>\n\t\t\t\t<\/div>\n\t\t\t\t<\/div>\n\t\t\t\t<div class=\"elementor-element elementor-element-c2b6fdf elementor-widget elementor-widget-heading\" data-id=\"c2b6fdf\" data-element_type=\"widget\" data-widget_type=\"heading.default\">\n\t\t\t\t<div class=\"elementor-widget-container\">\n\t\t\t<h2 class=\"elementor-heading-title elementor-size-default\">P\u00ebr njeriun, e sotmja \u00ebsht\u00eb m\u00eb shum\u00eb se vet\u00ebm sot <\/h2>\t\t<\/div>\n\t\t\t\t<\/div>\n\t\t\t\t<div class=\"elementor-element elementor-element-8394128 elementor-widget elementor-widget-text-editor\" data-id=\"8394128\" data-element_type=\"widget\" data-widget_type=\"text-editor.default\">\n\t\t\t\t<div class=\"elementor-widget-container\">\n\t\t\t\t\t\t\tNjeriu, p\u00ebrher\u00eb \u00ebsht\u00eb reflektim i s\u00eb kaluar\u00ebs, s\u00eb tashmes dhe s\u00eb ardhmes s\u00eb tij. Mendimet dhe emocionet q\u00eb p\u00ebrjeton, por edhe sjelljet, jan\u00eb pron\u00eb e mendimeve dhe emocioneve q\u00eb kishte dje, por edhe shpres\u00ebs dhe planeve q\u00eb ka p\u00ebr t\u00eb nes\u00ebrmen.\t\t\t\t\t\t<\/div>\n\t\t\t\t<\/div>\n\t\t\t\t<div class=\"elementor-element elementor-element-e439214 elementor-widget elementor-widget-heading\" data-id=\"e439214\" data-element_type=\"widget\" data-widget_type=\"heading.default\">\n\t\t\t\t<div class=\"elementor-widget-container\">\n\t\t\t<h3 class=\"elementor-heading-title elementor-size-medium\">- Fitm Uka<\/h3>\t\t<\/div>\n\t\t\t\t<\/div>\n\t\t\t\t\t<\/div>\n\t\t<\/div>\n\t\t\t\t\t\t\t<\/div>\n\t\t<\/section>\n\t\t\t\t<section class=\"elementor-section elementor-top-section elementor-element elementor-element-ced8668 elementor-section-content-middle elementor-section-boxed elementor-section-height-default elementor-section-height-default\" data-id=\"ced8668\" data-element_type=\"section\" data-settings=\"{&quot;background_background&quot;:&quot;classic&quot;}\">\n\t\t\t\t\t\t\t<div class=\"elementor-background-overlay\"><\/div>\n\t\t\t\t\t\t\t<div class=\"elementor-container elementor-column-gap-no\">\n\t\t\t\t\t<div class=\"elementor-column elementor-col-100 elementor-top-column elementor-element elementor-element-1a38fe8\" data-id=\"1a38fe8\" data-element_type=\"column\">\n\t\t\t<div class=\"elementor-widget-wrap elementor-element-populated\">\n\t\t\t\t\t\t\t\t<div class=\"elementor-element elementor-element-d62e620 elementor-view-default elementor-widget elementor-widget-icon\" data-id=\"d62e620\" data-element_type=\"widget\" data-widget_type=\"icon.default\">\n\t\t\t\t<div class=\"elementor-widget-container\">\n\t\t\t\t\t<div class=\"elementor-icon-wrapper\">\n\t\t\t<div class=\"elementor-icon\">\n\t\t\t<i aria-hidden=\"true\" class=\"fas fa-quote-left\"><\/i>\t\t\t<\/div>\n\t\t<\/div>\n\t\t\t\t<\/div>\n\t\t\t\t<\/div>\n\t\t\t\t<div class=\"elementor-element elementor-element-1b7ed1a elementor-widget elementor-widget-heading\" data-id=\"1b7ed1a\" data-element_type=\"widget\" data-widget_type=\"heading.default\">\n\t\t\t\t<div class=\"elementor-widget-container\">\n\t\t\t<h2 class=\"elementor-heading-title elementor-size-default\">Kohezioni i brendsh\u00ebm nuk \u00ebsht\u00eb utopi<\/h2>\t\t<\/div>\n\t\t\t\t<\/div>\n\t\t\t\t<div class=\"elementor-element elementor-element-5bc8352 elementor-widget elementor-widget-text-editor\" data-id=\"5bc8352\" data-element_type=\"widget\" data-widget_type=\"text-editor.default\">\n\t\t\t\t<div class=\"elementor-widget-container\">\n\t\t\t\t\t\t\tAskush nuk mund t\u00eb pretendoj\u00eb p\u00ebr paqe n\u00eb t\u00eb tashmen, n\u00ebse ka konflikte n\u00eb t\u00eb kaluar\u00ebn apo\/dhe munges\u00eb shprese p\u00ebr t\u00eb ardhmen. Kohezioni i brendsh\u00ebm n\u00ebnkupton komunikimin e hapur t\u00eb njeriut me t\u00eb kaluar\u00ebn e tij, trajtimin dhe adresimin e konflikteve nga e kaluara, pranimin dhe t\u00eb b\u00ebrit paqe me secilin sistem (intrapersonal, nd\u00ebrpersonal, profesional dhe spiritual) n\u00eb t\u00eb kaluar\u00ebn; (ri)nd\u00ebrtimin dhe mir\u00ebmbajtjen e raportit t\u00eb sh\u00ebndosh\u00eb me secilin sistem n\u00eb t\u00eb tashmen dhe konstruktimin e pritjeve reale dhe besimeve t\u00eb mundshme q\u00eb lidhen me raportin e njeriut me secilin sistem n\u00eb t\u00eb ardhmen \t\t\t\t\t\t<\/div>\n\t\t\t\t<\/div>\n\t\t\t\t<div class=\"elementor-element elementor-element-247afac elementor-widget elementor-widget-heading\" data-id=\"247afac\" data-element_type=\"widget\" data-widget_type=\"heading.default\">\n\t\t\t\t<div class=\"elementor-widget-container\">\n\t\t\t<h3 class=\"elementor-heading-title elementor-size-medium\">- Fitm Uka<\/h3>\t\t<\/div>\n\t\t\t\t<\/div>\n\t\t\t\t\t<\/div>\n\t\t<\/div>\n\t\t\t\t\t\t\t<\/div>\n\t\t<\/section>\n\t\t\t\t\t\t\t<\/div>","protected":false},"excerpt":{"rendered":"<p>Quotes related to ICP One is more than \u201coneself\u201d Not only the way one perceives, knows, and speaks to him\/herself, but also the way he\/she creates relations with others, the goals he\/she sets for him\/herself in life, and the spiritual (un)explicability are relations that follow every step of individual. Only when an honest communication with &hellip;<\/p>\n<p class=\"read-more\"> <a class=\"\" href=\"https:\/\/www.internalcohesion-psychotherapy.com\/sq\/quotes-related-to-icp\/\"> <span class=\"screen-reader-text\">Quotes Related to icp<\/span> Read More &raquo;<\/a><\/p>","protected":false},"author":1,"featured_media":0,"parent":0,"menu_order":0,"comment_status":"closed","ping_status":"closed","template":"","meta":{"site-sidebar-layout":"no-sidebar","site-content-layout":"page-builder","ast-global-header-display":"","ast-main-header-display":"","ast-hfb-above-header-display":"","ast-hfb-below-header-display":"","ast-hfb-mobile-header-display":"","site-post-title":"disabled","ast-breadcrumbs-content":"","ast-featured-img":"disabled","footer-sml-layout":"","theme-transparent-header-meta":"","adv-header-id-meta":"","stick-header-meta":"","header-above-stick-meta":"","header-main-stick-meta":"","header-below-stick-meta":""},"_links":{"self":[{"href":"https:\/\/www.internalcohesion-psychotherapy.com\/sq\/wp-json\/wp\/v2\/pages\/1104"}],"collection":[{"href":"https:\/\/www.internalcohesion-psychotherapy.com\/sq\/wp-json\/wp\/v2\/pages"}],"about":[{"href":"https:\/\/www.internalcohesion-psychotherapy.com\/sq\/wp-json\/wp\/v2\/types\/page"}],"author":[{"embeddable":true,"href":"https:\/\/www.internalcohesion-psychotherapy.com\/sq\/wp-json\/wp\/v2\/users\/1"}],"replies":[{"embeddable":true,"href":"https:\/\/www.internalcohesion-psychotherapy.com\/sq\/wp-json\/wp\/v2\/comments?post=1104"}],"version-history":[{"count":16,"href":"https:\/\/www.internalcohesion-psychotherapy.com\/sq\/wp-json\/wp\/v2\/pages\/1104\/revisions"}],"predecessor-version":[{"id":1127,"href":"https:\/\/www.internalcohesion-psychotherapy.com\/sq\/wp-json\/wp\/v2\/pages\/1104\/revisions\/1127"}],"wp:attachment":[{"href":"https:\/\/www.internalcohesion-psychotherapy.com\/sq\/wp-json\/wp\/v2\/media?parent=1104"}],"curies":[{"name":"wp","href":"https:\/\/api.w.org\/{rel}","templated":true}]}}