{"id":1183,"date":"2022-05-28T18:20:43","date_gmt":"2022-05-28T18:20:43","guid":{"rendered":"https:\/\/www.internalcohesion-psychotherapy.com\/?page_id=1183"},"modified":"2025-11-03T13:26:36","modified_gmt":"2025-11-03T13:26:36","slug":"blogs-and-promotion","status":"publish","type":"page","link":"https:\/\/www.internalcohesion-psychotherapy.com\/sq\/blogs-and-promotion\/","title":{"rendered":"Promovime"},"content":{"rendered":"<div data-elementor-type=\"wp-page\" data-elementor-id=\"1183\" class=\"elementor elementor-1183\">\n\t\t\t\t\t\t\t\t\t<section class=\"elementor-section elementor-top-section elementor-element elementor-element-5e462de elementor-section-boxed elementor-section-height-default elementor-section-height-default\" data-id=\"5e462de\" data-element_type=\"section\" data-settings=\"{&quot;background_background&quot;:&quot;classic&quot;}\">\n\t\t\t\t\t\t\t<div class=\"elementor-background-overlay\"><\/div>\n\t\t\t\t\t\t\t<div class=\"elementor-container elementor-column-gap-default\">\n\t\t\t\t\t<div class=\"elementor-column elementor-col-100 elementor-top-column elementor-element elementor-element-b594b99\" data-id=\"b594b99\" data-element_type=\"column\">\n\t\t\t<div class=\"elementor-widget-wrap elementor-element-populated\">\n\t\t\t\t\t\t\t\t<div class=\"elementor-element elementor-element-1bd593e elementor-widget elementor-widget-heading\" data-id=\"1bd593e\" data-element_type=\"widget\" data-widget_type=\"heading.default\">\n\t\t\t\t<div class=\"elementor-widget-container\">\n\t\t\t<style>\/*! elementor - v3.17.0 - 08-11-2023 *\/\n.elementor-heading-title{padding:0;margin:0;line-height:1}.elementor-widget-heading .elementor-heading-title[class*=elementor-size-]>a{color:inherit;font-size:inherit;line-height:inherit}.elementor-widget-heading .elementor-heading-title.elementor-size-small{font-size:15px}.elementor-widget-heading .elementor-heading-title.elementor-size-medium{font-size:19px}.elementor-widget-heading .elementor-heading-title.elementor-size-large{font-size:29px}.elementor-widget-heading .elementor-heading-title.elementor-size-xl{font-size:39px}.elementor-widget-heading .elementor-heading-title.elementor-size-xxl{font-size:59px}<\/style><h1 class=\"elementor-heading-title elementor-size-xxl\">Promovime<\/h1>\t\t<\/div>\n\t\t\t\t<\/div>\n\t\t\t\t\t<\/div>\n\t\t<\/div>\n\t\t\t\t\t\t\t<\/div>\n\t\t<\/section>\n\t\t\t\t<section class=\"elementor-section elementor-top-section elementor-element elementor-element-430dc2f elementor-section-boxed elementor-section-height-default elementor-section-height-default\" data-id=\"430dc2f\" data-element_type=\"section\">\n\t\t\t\t\t\t<div class=\"elementor-container elementor-column-gap-default\">\n\t\t\t\t\t<div class=\"elementor-column elementor-col-50 elementor-top-column elementor-element elementor-element-f2170e2\" data-id=\"f2170e2\" data-element_type=\"column\">\n\t\t\t<div class=\"elementor-widget-wrap elementor-element-populated\">\n\t\t\t\t\t\t\t\t<div class=\"elementor-element elementor-element-cd3fb2c elementor-widget elementor-widget-image\" data-id=\"cd3fb2c\" data-element_type=\"widget\" data-widget_type=\"image.default\">\n\t\t\t\t<div class=\"elementor-widget-container\">\n\t\t\t<style>\/*! elementor - v3.17.0 - 08-11-2023 *\/\n.elementor-widget-image{text-align:center}.elementor-widget-image a{display:inline-block}.elementor-widget-image a img[src$=\".svg\"]{width:48px}.elementor-widget-image img{vertical-align:middle;display:inline-block}<\/style>\t\t\t\t\t\t\t\t\t\t\t\t<img decoding=\"async\" src=\"https:\/\/www.internalcohesion-psychotherapy.com\/wp-content\/uploads\/elementor\/thumbs\/WhatsApp-Image-2025-11-03-at-12.53.16_d53f4a4f-re5wxwm8h52d9ikrb5hh228yeqeenx8cu026zer88g.jpg\" title=\"WPFapproved\" alt=\"WPFapproved\" loading=\"lazy\" \/>\t\t\t\t\t\t\t\t\t\t\t\t\t\t\t<\/div>\n\t\t\t\t<\/div>\n\t\t\t\t\t<\/div>\n\t\t<\/div>\n\t\t\t\t<div class=\"elementor-column elementor-col-50 elementor-top-column elementor-element elementor-element-e4ab423\" data-id=\"e4ab423\" data-element_type=\"column\">\n\t\t\t<div class=\"elementor-widget-wrap elementor-element-populated\">\n\t\t\t\t\t\t\t\t<div class=\"elementor-element elementor-element-70b57de elementor-widget elementor-widget-text-editor\" data-id=\"70b57de\" data-element_type=\"widget\" data-widget_type=\"text-editor.default\">\n\t\t\t\t<div class=\"elementor-widget-container\">\n\t\t\t<style>\/*! elementor - v3.17.0 - 08-11-2023 *\/\n.elementor-widget-text-editor.elementor-drop-cap-view-stacked .elementor-drop-cap{background-color:#69727d;color:#fff}.elementor-widget-text-editor.elementor-drop-cap-view-framed .elementor-drop-cap{color:#69727d;border:3px solid;background-color:transparent}.elementor-widget-text-editor:not(.elementor-drop-cap-view-default) .elementor-drop-cap{margin-top:8px}.elementor-widget-text-editor:not(.elementor-drop-cap-view-default) .elementor-drop-cap-letter{width:1em;height:1em}.elementor-widget-text-editor .elementor-drop-cap{float:left;text-align:center;line-height:1;font-size:50px}.elementor-widget-text-editor .elementor-drop-cap-letter{display:inline-block}<\/style>\t\t\t\t<article class=\"text-token-text-primary w-full focus:outline-none [--shadow-height:45px] has-data-writing-block:pointer-events-none has-data-writing-block:-mt-(--shadow-height) has-data-writing-block:pt-(--shadow-height) [&amp;:has([data-writing-block])&gt;*]:pointer-events-auto [content-visibility:auto] supports-[content-visibility:auto]:[contain-intrinsic-size:auto_100lvh] scroll-mt-[calc(var(--header-height)+min(200px,max(70px,20svh)))]\" dir=\"auto\" tabindex=\"-1\" data-turn-id=\"request-WEB:23b9554e-b5d6-4879-a33d-18d0c4150ea9-1\" data-testid=\"conversation-turn-4\" data-scroll-anchor=\"true\" data-turn=\"assistant\"><div class=\"text-base my-auto mx-auto pb-10 [--thread-content-margin:--spacing(4)] thread-sm:[--thread-content-margin:--spacing(6)] thread-lg:[--thread-content-margin:--spacing(16)] px-(--thread-content-margin)\"><div class=\"[--thread-content-max-width:40rem] thread-lg:[--thread-content-max-width:48rem] mx-auto max-w-(--thread-content-max-width) flex-1 group\/turn-messages focus-visible:outline-hidden relative flex w-full min-w-0 flex-col agent-turn\" tabindex=\"-1\"><div class=\"flex max-w-full flex-col grow\"><div class=\"min-h-8 text-message relative flex w-full flex-col items-end gap-2 text-start break-words whitespace-normal [.text-message+&amp;]:mt-1\" dir=\"auto\" data-message-author-role=\"assistant\" data-message-id=\"292cc4cb-47f1-4b6e-93ac-5b62f76e0c71\" data-message-model-slug=\"gpt-5\"><div class=\"flex w-full flex-col gap-1 empty:hidden first:pt-[1px]\"><div class=\"markdown prose dark:prose-invert w-full break-words dark markdown-new-styling\"><p data-start=\"0\" data-end=\"493\" data-is-last-node=\"\" data-is-only-node=\"\" class=\" translation-block\">Psikoterapia e Kohezionit t\u00eb Brendsh\u00ebm \u00ebsht\u00eb pranuar zyrtarisht n\u00eb Federat\u00ebn Bot\u00ebrore t\u00eb Psikoterapis\u00eb (WFP)!<br>\nWFP \u00ebsht\u00eb organizata m\u00eb e madhe dhe m\u00eb e vjet\u00ebr n\u00eb bot\u00eb n\u00eb fush\u00ebn e psikoterapis\u00eb, me mbi 30 mij\u00eb an\u00ebtar\u00eb nga t\u00eb gjitha kontinentet.<br> Nd\u00ebrkaq, nga sot, Asociacioni i Psikoterapis\u00eb s\u00eb Kohezionit t\u00eb Brendsh\u00ebm b\u00ebhet an\u00ebtar me t\u00eb drejta t\u00eb plota i k\u00ebsaj federate\u00a0nd\u00ebrkomb\u00ebtare.<\/p><\/div><\/div><\/div><\/div><\/div><\/div><\/article>\t\t\t\t\t\t<\/div>\n\t\t\t\t<\/div>\n\t\t\t\t\t<\/div>\n\t\t<\/div>\n\t\t\t\t\t\t\t<\/div>\n\t\t<\/section>\n\t\t\t\t<section class=\"elementor-section elementor-top-section elementor-element elementor-element-320f3b7 elementor-section-full_width elementor-section-height-default elementor-section-height-default\" data-id=\"320f3b7\" data-element_type=\"section\">\n\t\t\t\t\t\t<div class=\"elementor-container elementor-column-gap-default\">\n\t\t\t\t\t<div class=\"elementor-column elementor-col-100 elementor-top-column elementor-element elementor-element-968287d\" data-id=\"968287d\" data-element_type=\"column\" data-settings=\"{&quot;background_background&quot;:&quot;classic&quot;}\">\n\t\t\t<div class=\"elementor-widget-wrap elementor-element-populated\">\n\t\t\t\t\t\t\t\t<div class=\"elementor-element elementor-element-f5b4ef9 elementor-widget__width-initial elementor-widget elementor-widget-heading\" data-id=\"f5b4ef9\" data-element_type=\"widget\" data-widget_type=\"heading.default\">\n\t\t\t\t<div class=\"elementor-widget-container\">\n\t\t\t<h2 class=\"elementor-heading-title elementor-size-default\">Publikime k\u00ebrkimore<\/h2>\t\t<\/div>\n\t\t\t\t<\/div>\n\t\t\t\t\t<\/div>\n\t\t<\/div>\n\t\t\t\t\t\t\t<\/div>\n\t\t<\/section>\n\t\t\t\t<section class=\"elementor-section elementor-top-section elementor-element elementor-element-a7437f5 elementor-section-full_width elementor-section-height-default elementor-section-height-default\" data-id=\"a7437f5\" data-element_type=\"section\">\n\t\t\t\t\t\t<div class=\"elementor-container elementor-column-gap-default\">\n\t\t\t\t\t<div class=\"elementor-column elementor-col-100 elementor-top-column elementor-element elementor-element-77ba696\" data-id=\"77ba696\" data-element_type=\"column\" data-settings=\"{&quot;background_background&quot;:&quot;classic&quot;}\">\n\t\t\t<div class=\"elementor-widget-wrap elementor-element-populated\">\n\t\t\t\t\t\t\t\t<div class=\"elementor-element elementor-element-49ea510 elementor-widget elementor-widget-html\" data-id=\"49ea510\" data-element_type=\"widget\" data-widget_type=\"html.default\">\n\t\t\t\t<div class=\"elementor-widget-container\">\n\t\t\t<div style=\"display: flex; flex-wrap: wrap; gap: 24px; margin: 30px 0;\">\r\n  <div style=\"flex: 1 1 calc(33.333% - 16px); background: transparent; border-left: 4px solid #FFFFFF; padding: 20px; border-radius: 8px; box-shadow: none; min-width: 280px; color: white;\">\r\n    <h3 style=\"font-size: 1.1rem; margin-top: 0; margin-bottom: 10px; color: white;\">Drejt nj\u00eb Qasjeje t\u00eb Re Eklektike<\/h3>\r\n    <p><strong>Botuar<\/strong> 16 May 2022<\/p>\r\n    <p><strong>Autor\u00ebt<\/strong> Uka, F., Gashi, A., & Studenica, A.<\/p>\r\n  <\/div>\r\n\r\n  <div style=\"flex: 1 1 calc(33.333% - 16px); background: transparent; border-left: 4px solid #FFFFFF; padding: 20px; border-radius: 8px; box-shadow: none; min-width: 280px; color: white;\">\r\n    <h3 style=\"font-size: 1.1rem; margin-top: 0; margin-bottom: 10px; color: white;\">Psikoterapia e Kohezionit t\u00eb Brendsh\u00ebm: Natyra, Parimet dhe Zbatimi<\/h3>\r\n    <p><strong>Autor\u00ebt<\/strong> Uka, F., Gashi, A., & Studenica, A. (2024)<\/p>\r\n    <p><strong>Revista<\/strong> Counselling & Psychotherapy Research, 24(1), 1\u20138<\/p>\r\n    <a href=\"https:\/\/doi.org\/10.1002\/capr.12632\" target=\"_blank\" style=\"display: inline-block; margin-top: 10px; color: #FFFFFF; text-decoration: none;\">Lexo m\u00eb Shum\u00eb<\/a>\r\n  <\/div>\r\n\r\n  <div style=\"flex: 1 1 calc(33.333% - 16px); background: transparent; border-left: 4px solid #FFFFFF; padding: 20px; border-radius: 8px; box-shadow: none; min-width: 280px; color: white;\">\r\n    <h3 style=\"font-size: 1.1rem; margin-top: 0; margin-bottom: 10px; color: white;\">Efektiviteti i Psikoterapis\u00eb s\u00eb Kohezionit t\u00eb Brendsh\u00ebm<\/h3>\r\n    <p><strong>Autor\u00ebt<\/strong> Uka, F., Gashi, S., Gashi, A., Gllogu, D., Musliu, A., Krasniqi, A., Statovci, A., Sopjani, V.,\r\nPer\u00e7uku, V., Sadikovic, I., &amp; Wiium, N. (2022).<\/p>\r\n    <p><strong>Revista<\/strong> Frontiers in Psychology, 13, 1005709<\/p>\r\n    <a href=\"https:\/\/doi.org\/10.3389\/fpsyg.2022.1005709\" target=\"_blank\" style=\"display: inline-block; margin-top: 10px; color: #FFFFFF; text-decoration: none;\">Lexo m\u00eb Shum\u00eb<\/a>\r\n  <\/div>\r\n\r\n  <div style=\"flex: 1 1 calc(33.333% - 16px); background: transparent; border-left: 4px solid #FFFFFF; padding: 20px; border-radius: 8px; box-shadow: none; min-width: 280px; color: white;\">\r\n    <h3 style=\"font-size: 1.1rem; margin-top: 0; margin-bottom: 10px; color: white;\">Raporti i Rastit p\u00ebr Depresionin e R\u00ebnd\u00eb<\/h3>\r\n    <p><strong>Autor\u00ebt<\/strong> Uka, F., Gashi, A., Studenica, A., Gllogu, D., & Sopjani, V. (2024)<\/p>\r\n    <p><strong>Revista<\/strong> Journal of Clinical and Basic Psychosomatics, 2(2), 1336<\/p>\r\n    <a href=\"https:\/\/doi.org\/10.36922\/jcbp.1336\" target=\"_blank\" style=\"display: inline-block; margin-top: 10px; color: #FFFFFF; text-decoration: none;\">Lexo m\u00eb Shum\u00eb<\/a>\r\n  <\/div>\r\n\r\n  <div style=\"flex: 1 1 calc(33.333% - 16px); background: transparent; border-left: 4px solid #FFFFFF; padding: 20px; border-radius: 8px; box-shadow: none; min-width: 280px; color: white;\">\r\n    <h3 style=\"font-size: 1.1rem; margin-top: 0; margin-bottom: 10px; color: white;\">Hartimi i Pasurive t\u00eb Zhvillimit tek t\u00eb Rinj\u00ebt e Kosov\u00ebs<\/h3>\r\n    <p><strong>Autor\u00ebt<\/strong> Rrahmani, F., Per\u00e7uku, V., Grei\u00e7evci, V., Rexhepi, A., & Uka, F. (2024)<\/p>\r\n    <p><strong>Revista<\/strong> Youth, 4(2), 745\u2013758<\/p>\r\n    <a href=\"https:\/\/doi.org\/10.3390\/youth4020050\" target=\"_blank\" style=\"display: inline-block; margin-top: 10px; color: #FFFFFF; text-decoration: none;\">Lexo m\u00eb Shum\u00eb<\/a>\r\n  <\/div>\r\n<\/div>\r\n\t\t<\/div>\n\t\t\t\t<\/div>\n\t\t\t\t\t<\/div>\n\t\t<\/div>\n\t\t\t\t\t\t\t<\/div>\n\t\t<\/section>\n\t\t\t\t\t\t\t<\/div>","protected":false},"excerpt":{"rendered":"<p>Promotions The Psychotherapy of Inner Cohesion has been officially accepted as a member of the World Federation for Psychotherapy (WFP)!The WFP is the world\u2019s largest and oldest organization in the field of psychotherapy, bringing together more than 30,000 members from every continent.From today, the Association of Inner Cohesion Psychotherapy proudly joins this international community as &hellip;<\/p>\n<p class=\"read-more\"> <a class=\"\" href=\"https:\/\/www.internalcohesion-psychotherapy.com\/sq\/blogs-and-promotion\/\"> <span class=\"screen-reader-text\">Promovime<\/span> Read More &raquo;<\/a><\/p>","protected":false},"author":1,"featured_media":0,"parent":0,"menu_order":0,"comment_status":"closed","ping_status":"closed","template":"","meta":{"site-sidebar-layout":"default","site-content-layout":"page-builder","ast-global-header-display":"","ast-main-header-display":"","ast-hfb-above-header-display":"","ast-hfb-below-header-display":"","ast-hfb-mobile-header-display":"","site-post-title":"disabled","ast-breadcrumbs-content":"","ast-featured-img":"disabled","footer-sml-layout":"","theme-transparent-header-meta":"","adv-header-id-meta":"","stick-header-meta":"","header-above-stick-meta":"","header-main-stick-meta":"","header-below-stick-meta":""},"_links":{"self":[{"href":"https:\/\/www.internalcohesion-psychotherapy.com\/sq\/wp-json\/wp\/v2\/pages\/1183"}],"collection":[{"href":"https:\/\/www.internalcohesion-psychotherapy.com\/sq\/wp-json\/wp\/v2\/pages"}],"about":[{"href":"https:\/\/www.internalcohesion-psychotherapy.com\/sq\/wp-json\/wp\/v2\/types\/page"}],"author":[{"embeddable":true,"href":"https:\/\/www.internalcohesion-psychotherapy.com\/sq\/wp-json\/wp\/v2\/users\/1"}],"replies":[{"embeddable":true,"href":"https:\/\/www.internalcohesion-psychotherapy.com\/sq\/wp-json\/wp\/v2\/comments?post=1183"}],"version-history":[{"count":87,"href":"https:\/\/www.internalcohesion-psychotherapy.com\/sq\/wp-json\/wp\/v2\/pages\/1183\/revisions"}],"predecessor-version":[{"id":1994,"href":"https:\/\/www.internalcohesion-psychotherapy.com\/sq\/wp-json\/wp\/v2\/pages\/1183\/revisions\/1994"}],"wp:attachment":[{"href":"https:\/\/www.internalcohesion-psychotherapy.com\/sq\/wp-json\/wp\/v2\/media?parent=1183"}],"curies":[{"name":"wp","href":"https:\/\/api.w.org\/{rel}","templated":true}]}}