{"id":447,"date":"2021-03-03T04:55:54","date_gmt":"2021-03-03T04:55:54","guid":{"rendered":"https:\/\/www.internalcohesion-psychotherapy.com\/repertoire\/"},"modified":"2025-06-14T10:09:16","modified_gmt":"2025-06-14T10:09:16","slug":"about-author","status":"publish","type":"page","link":"https:\/\/www.internalcohesion-psychotherapy.com\/sq\/about-author\/","title":{"rendered":"Rreth Autorit"},"content":{"rendered":"<div data-elementor-type=\"wp-page\" data-elementor-id=\"447\" class=\"elementor elementor-447\">\n\t\t\t\t\t\t\t\t\t<section class=\"elementor-section elementor-top-section elementor-element elementor-element-100f7a5 elementor-section-boxed elementor-section-height-default elementor-section-height-default\" data-id=\"100f7a5\" data-element_type=\"section\" data-settings=\"{&quot;background_background&quot;:&quot;classic&quot;}\">\n\t\t\t\t\t\t<div class=\"elementor-container elementor-column-gap-default\">\n\t\t\t\t\t<div class=\"elementor-column elementor-col-100 elementor-top-column elementor-element elementor-element-6bebed0\" data-id=\"6bebed0\" data-element_type=\"column\">\n\t\t\t<div class=\"elementor-widget-wrap elementor-element-populated\">\n\t\t\t\t\t\t\t\t<section class=\"elementor-section elementor-inner-section elementor-element elementor-element-af154b5 elementor-section-boxed elementor-section-height-default elementor-section-height-default\" data-id=\"af154b5\" data-element_type=\"section\">\n\t\t\t\t\t\t<div class=\"elementor-container elementor-column-gap-default\">\n\t\t\t\t\t<div class=\"elementor-column elementor-col-50 elementor-inner-column elementor-element elementor-element-1655962\" data-id=\"1655962\" data-element_type=\"column\" data-settings=\"{&quot;background_background&quot;:&quot;classic&quot;}\">\n\t\t\t<div class=\"elementor-widget-wrap elementor-element-populated\">\n\t\t\t\t\t<div class=\"elementor-background-overlay\"><\/div>\n\t\t\t\t\t\t\t\t<div class=\"elementor-element elementor-element-f5d25fb elementor-widget elementor-widget-spacer\" data-id=\"f5d25fb\" data-element_type=\"widget\" data-widget_type=\"spacer.default\">\n\t\t\t\t<div class=\"elementor-widget-container\">\n\t\t\t<style>\/*! elementor - v3.17.0 - 08-11-2023 *\/\n.elementor-column .elementor-spacer-inner{height:var(--spacer-size)}.e-con{--container-widget-width:100%}.e-con-inner>.elementor-widget-spacer,.e-con>.elementor-widget-spacer{width:var(--container-widget-width,var(--spacer-size));--align-self:var(--container-widget-align-self,initial);--flex-shrink:0}.e-con-inner>.elementor-widget-spacer>.elementor-widget-container,.e-con>.elementor-widget-spacer>.elementor-widget-container{height:100%;width:100%}.e-con-inner>.elementor-widget-spacer>.elementor-widget-container>.elementor-spacer,.e-con>.elementor-widget-spacer>.elementor-widget-container>.elementor-spacer{height:100%}.e-con-inner>.elementor-widget-spacer>.elementor-widget-container>.elementor-spacer>.elementor-spacer-inner,.e-con>.elementor-widget-spacer>.elementor-widget-container>.elementor-spacer>.elementor-spacer-inner{height:var(--container-widget-height,var(--spacer-size))}.e-con-inner>.elementor-widget-spacer.elementor-widget-empty,.e-con>.elementor-widget-spacer.elementor-widget-empty{position:relative;min-height:22px;min-width:22px}.e-con-inner>.elementor-widget-spacer.elementor-widget-empty .elementor-widget-empty-icon,.e-con>.elementor-widget-spacer.elementor-widget-empty .elementor-widget-empty-icon{position:absolute;top:0;bottom:0;left:0;right:0;margin:auto;padding:0;width:22px;height:22px}<\/style>\t\t<div class=\"elementor-spacer\">\n\t\t\t<div class=\"elementor-spacer-inner\"><\/div>\n\t\t<\/div>\n\t\t\t\t<\/div>\n\t\t\t\t<\/div>\n\t\t\t\t\t<\/div>\n\t\t<\/div>\n\t\t\t\t<div class=\"elementor-column elementor-col-50 elementor-inner-column elementor-element elementor-element-c2d908f\" data-id=\"c2d908f\" data-element_type=\"column\">\n\t\t\t<div class=\"elementor-widget-wrap elementor-element-populated\">\n\t\t\t\t\t\t\t\t<div class=\"elementor-element elementor-element-1b64c6d elementor-widget elementor-widget-heading\" data-id=\"1b64c6d\" data-element_type=\"widget\" data-widget_type=\"heading.default\">\n\t\t\t\t<div class=\"elementor-widget-container\">\n\t\t\t<style>\/*! elementor - v3.17.0 - 08-11-2023 *\/\n.elementor-heading-title{padding:0;margin:0;line-height:1}.elementor-widget-heading .elementor-heading-title[class*=elementor-size-]>a{color:inherit;font-size:inherit;line-height:inherit}.elementor-widget-heading .elementor-heading-title.elementor-size-small{font-size:15px}.elementor-widget-heading .elementor-heading-title.elementor-size-medium{font-size:19px}.elementor-widget-heading .elementor-heading-title.elementor-size-large{font-size:29px}.elementor-widget-heading .elementor-heading-title.elementor-size-xl{font-size:39px}.elementor-widget-heading .elementor-heading-title.elementor-size-xxl{font-size:59px}<\/style><h2 class=\"elementor-heading-title elementor-size-default\"> \tRreth Autorit <\/h2>\t\t<\/div>\n\t\t\t\t<\/div>\n\t\t\t\t<div class=\"elementor-element elementor-element-a2b1984 elementor-widget elementor-widget-text-editor\" data-id=\"a2b1984\" data-element_type=\"widget\" data-widget_type=\"text-editor.default\">\n\t\t\t\t<div class=\"elementor-widget-container\">\n\t\t\t<style>\/*! elementor - v3.17.0 - 08-11-2023 *\/\n.elementor-widget-text-editor.elementor-drop-cap-view-stacked .elementor-drop-cap{background-color:#69727d;color:#fff}.elementor-widget-text-editor.elementor-drop-cap-view-framed .elementor-drop-cap{color:#69727d;border:3px solid;background-color:transparent}.elementor-widget-text-editor:not(.elementor-drop-cap-view-default) .elementor-drop-cap{margin-top:8px}.elementor-widget-text-editor:not(.elementor-drop-cap-view-default) .elementor-drop-cap-letter{width:1em;height:1em}.elementor-widget-text-editor .elementor-drop-cap{float:left;text-align:center;line-height:1;font-size:50px}.elementor-widget-text-editor .elementor-drop-cap-letter{display:inline-block}<\/style>\t\t\t\t<p>Fitim Uka \u00ebsht\u00eb psikolog dhe psikoterapist nga Kosova. Ai ka fituar titullin master nga Universiteti Ludwig Maximilian (Mynih) dhe PhD n\u00eb Psikologji nga Universiteti i Freiburg n\u00eb Gjermani. Ai ka ndjekur studimet e post-doktorat\u00ebs n\u00eb Universitetin e Illinois n\u00eb \u00c7ikago, SHBA. Aktualisht, Fitim Uka \u00ebsht\u00eb profesor i psikologjis\u00eb n\u00eb Universitetin e Prishtin\u00ebs n\u00eb Kosov\u00eb, ku ligj\u00ebron disa l\u00ebnd\u00eb n\u00eb fush\u00ebn e psikologjis\u00eb klinike. Hulumtimet e tij jan\u00eb publikuar n\u00eb revista prestigjioze (peer-review). Uka ka udh\u00ebhequr Qendr\u00ebn p\u00ebr Hulumtime Psiko-sociale dhe Mjek\u00ebsore (QHPSM), e cila synon t\u00eb ofroj\u00eb burime t\u00eb besueshme t\u00eb hulumtimit p\u00ebr intervenime t\u00eb bazuara n\u00eb evidenc\u00eb dhe aktualisht \u00ebsht\u00eb drejtor i klinik\u00ebs multidiciplinare \u201cEmpatia\u201d n\u00eb Prishtin\u00eb, ku aplikon Psikoterapin\u00eb e Kohezionit t\u00eb Brendsh\u00ebm.<\/p>\t\t\t\t\t\t<\/div>\n\t\t\t\t<\/div>\n\t\t\t\t\t<\/div>\n\t\t<\/div>\n\t\t\t\t\t\t\t<\/div>\n\t\t<\/section>\n\t\t\t\t\t<\/div>\n\t\t<\/div>\n\t\t\t\t\t\t\t<\/div>\n\t\t<\/section>\n\t\t\t\t\t\t\t<\/div>","protected":false},"excerpt":{"rendered":"<p>About the author Fitim Uka is a psychologist and psychotherapist from Kosovo. He holds a master&#8217;s degree from Ludwig Maximilian University (Munich) and a PhD in Psychology from the University of Freiburg in Germany. He did post-doc studies at the University of Illinois in Chicago, USA. Currently, Fitim Uka is a professor of psychology at &hellip;<\/p>\n<p class=\"read-more\"> <a class=\"\" href=\"https:\/\/www.internalcohesion-psychotherapy.com\/sq\/about-author\/\"> <span class=\"screen-reader-text\">Rreth Autorit<\/span> Read More &raquo;<\/a><\/p>","protected":false},"author":1,"featured_media":0,"parent":0,"menu_order":0,"comment_status":"closed","ping_status":"closed","template":"","meta":{"site-sidebar-layout":"no-sidebar","site-content-layout":"page-builder","ast-global-header-display":"","ast-main-header-display":"","ast-hfb-above-header-display":"","ast-hfb-below-header-display":"","ast-hfb-mobile-header-display":"","site-post-title":"disabled","ast-breadcrumbs-content":"disabled","ast-featured-img":"disabled","footer-sml-layout":"","theme-transparent-header-meta":"enabled","adv-header-id-meta":"","stick-header-meta":"","header-above-stick-meta":"","header-main-stick-meta":"","header-below-stick-meta":""},"_links":{"self":[{"href":"https:\/\/www.internalcohesion-psychotherapy.com\/sq\/wp-json\/wp\/v2\/pages\/447"}],"collection":[{"href":"https:\/\/www.internalcohesion-psychotherapy.com\/sq\/wp-json\/wp\/v2\/pages"}],"about":[{"href":"https:\/\/www.internalcohesion-psychotherapy.com\/sq\/wp-json\/wp\/v2\/types\/page"}],"author":[{"embeddable":true,"href":"https:\/\/www.internalcohesion-psychotherapy.com\/sq\/wp-json\/wp\/v2\/users\/1"}],"replies":[{"embeddable":true,"href":"https:\/\/www.internalcohesion-psychotherapy.com\/sq\/wp-json\/wp\/v2\/comments?post=447"}],"version-history":[{"count":42,"href":"https:\/\/www.internalcohesion-psychotherapy.com\/sq\/wp-json\/wp\/v2\/pages\/447\/revisions"}],"predecessor-version":[{"id":1889,"href":"https:\/\/www.internalcohesion-psychotherapy.com\/sq\/wp-json\/wp\/v2\/pages\/447\/revisions\/1889"}],"wp:attachment":[{"href":"https:\/\/www.internalcohesion-psychotherapy.com\/sq\/wp-json\/wp\/v2\/media?parent=447"}],"curies":[{"name":"wp","href":"https:\/\/api.w.org\/{rel}","templated":true}]}}